{"id":74,"date":"2022-01-15T10:00:36","date_gmt":"2022-01-15T10:00:36","guid":{"rendered":"https:\/\/arge-rumaenien.ch\/?page_id=74"},"modified":"2022-01-15T10:00:36","modified_gmt":"2022-01-15T10:00:36","slug":"bereich-fuer-arge-mitglieder","status":"publish","type":"page","link":"https:\/\/arge-rumaenien.ch\/?page_id=74","title":{"rendered":"Bereich f\u00fcr ARGE-Mitglieder"},"content":{"rendered":"\n<p>Hier werden Beitr\u00e4ge und Informationen nur f\u00fcr Mitglieder der Arbeitsgemeinschaft eingestellt.<\/p>\n\n\n\n<p>Der Bereich wird Passwort-gesch\u00fctzt.<\/p>\n\n\n\n<p><span class=\"has-inline-color has-black-color\">(<\/span><strong><span class=\"has-inline-color has-black-color\">Projekt in Arbeit)<\/span><\/strong><\/p>\n","protected":false},"excerpt":{"rendered":"<p>Hier werden Beitr\u00e4ge und Informationen nur f\u00fcr Mitglieder der Arbeitsgemeinschaft eingestellt. Der Bereich wird Passwort-gesch\u00fctzt. (Projekt in Arbeit)<\/p>\n","protected":false},"author":1,"featured_media":0,"parent":0,"menu_order":0,"comment_status":"closed","ping_status":"closed","template":"","meta":{"footnotes":""},"class_list":["post-74","page","type-page","status-publish","hentry","entry"],"_links":{"self":[{"href":"https:\/\/arge-rumaenien.ch\/index.php?rest_route=\/wp\/v2\/pages\/74","targetHints":{"allow":["GET"]}}],"collection":[{"href":"https:\/\/arge-rumaenien.ch\/index.php?rest_route=\/wp\/v2\/pages"}],"about":[{"href":"https:\/\/arge-rumaenien.ch\/index.php?rest_route=\/wp\/v2\/types\/page"}],"author":[{"embeddable":true,"href":"https:\/\/arge-rumaenien.ch\/index.php?rest_route=\/wp\/v2\/users\/1"}],"replies":[{"embeddable":true,"href":"https:\/\/arge-rumaenien.ch\/index.php?rest_route=%2Fwp%2Fv2%2Fcomments&post=74"}],"version-history":[{"count":1,"href":"https:\/\/arge-rumaenien.ch\/index.php?rest_route=\/wp\/v2\/pages\/74\/revisions"}],"predecessor-version":[{"id":75,"href":"https:\/\/arge-rumaenien.ch\/index.php?rest_route=\/wp\/v2\/pages\/74\/revisions\/75"}],"wp:attachment":[{"href":"https:\/\/arge-rumaenien.ch\/index.php?rest_route=%2Fwp%2Fv2%2Fmedia&parent=74"}],"curies":[{"name":"wp","href":"https:\/\/api.w.org\/{rel}","templated":true}]}}