{"id":4,"date":"2022-01-14T15:31:06","date_gmt":"2022-01-14T15:31:06","guid":{"rendered":"https:\/\/arge-rumaenien.ch\/?page_id=4"},"modified":"2026-02-11T14:25:52","modified_gmt":"2026-02-11T14:25:52","slug":"home","status":"publish","type":"page","link":"https:\/\/arge-rumaenien.ch\/","title":{"rendered":"Home"},"content":{"rendered":"\n<figure class=\"wp-block-image size-large\"><img loading=\"lazy\" decoding=\"async\" width=\"1024\" height=\"689\" src=\"https:\/\/arge-rumaenien.ch\/wp-content\/uploads\/2022\/01\/Wer-wir-sind-Bild-1024x689.jpg\" alt=\"\" class=\"wp-image-5\" srcset=\"https:\/\/arge-rumaenien.ch\/wp-content\/uploads\/2022\/01\/Wer-wir-sind-Bild-1024x689.jpg 1024w, https:\/\/arge-rumaenien.ch\/wp-content\/uploads\/2022\/01\/Wer-wir-sind-Bild-300x202.jpg 300w, https:\/\/arge-rumaenien.ch\/wp-content\/uploads\/2022\/01\/Wer-wir-sind-Bild-768x517.jpg 768w, https:\/\/arge-rumaenien.ch\/wp-content\/uploads\/2022\/01\/Wer-wir-sind-Bild.jpg 1310w\" sizes=\"auto, (max-width: 1024px) 100vw, 1024px\" \/><figcaption class=\"wp-element-caption\"> <em>Werbekarte, Sammlung Gl\u00e4ttli<\/em> <\/figcaption><\/figure>\n\n\n\n<h2 class=\"wp-block-heading\" id=\"wer-wir-sind\">Wer wir sind<\/h2>\n\n\n\n<p>Die Arbeitsgemeinschaft \u00abRum\u00e4nien\u00bb wurde 1969 gegr\u00fcndet und feierte im Jahr 2019 ihr 50-j\u00e4hriges Bestehen. Grunds\u00e4tzlich kann jeder Freund der Philatelie Rum\u00e4niens bei uns Mitglied werden. Wir beabsichtigen die Philatelie zu f\u00f6rdern, durch den weiteren Ausbau der Philatelie-Kunde und der Postgeschichte. Durch Information und Erfahrungsaustausch versuchen wir die Kenntnisse \u00fcber das Philatelie &#8211; Gebiet \u00abRum\u00e4nien\u00bb zu vertiefen. Gelegentliche Treffen sollen den Zusammenhalt und die Freundschaft unter den Mitgliedern vertiefen.<\/p>\n\n\n\n<figure class=\"wp-block-image size-large\"><img loading=\"lazy\" decoding=\"async\" width=\"1024\" height=\"722\" src=\"https:\/\/arge-rumaenien.ch\/wp-content\/uploads\/2022\/12\/Neujahrskarte-Rum-1-1024x722.jpeg\" alt=\"\" class=\"wp-image-466\" srcset=\"https:\/\/arge-rumaenien.ch\/wp-content\/uploads\/2022\/12\/Neujahrskarte-Rum-1-1024x722.jpeg 1024w, https:\/\/arge-rumaenien.ch\/wp-content\/uploads\/2022\/12\/Neujahrskarte-Rum-1-300x211.jpeg 300w, https:\/\/arge-rumaenien.ch\/wp-content\/uploads\/2022\/12\/Neujahrskarte-Rum-1-768x541.jpeg 768w, https:\/\/arge-rumaenien.ch\/wp-content\/uploads\/2022\/12\/Neujahrskarte-Rum-1.jpeg 1500w\" sizes=\"auto, (max-width: 1024px) 100vw, 1024px\" \/><\/figure>\n\n\n\n<p>Der Vorstand der ARGE Rum\u00e4nien w\u00fcnscht allen Mitgliedern ein gutes Neues Jahr 2026.<br><\/p>\n\n\n\n<figure class=\"wp-block-image size-full is-resized\"><img loading=\"lazy\" decoding=\"async\" width=\"539\" height=\"360\" src=\"https:\/\/arge-rumaenien.ch\/wp-content\/uploads\/2022\/03\/PAX-Marke.jpg\" alt=\"\" class=\"wp-image-184\" style=\"width:539px;height:360px\" srcset=\"https:\/\/arge-rumaenien.ch\/wp-content\/uploads\/2022\/03\/PAX-Marke.jpg 539w, https:\/\/arge-rumaenien.ch\/wp-content\/uploads\/2022\/03\/PAX-Marke-300x200.jpg 300w\" sizes=\"auto, (max-width: 539px) 100vw, 539px\" \/><figcaption class=\"wp-element-caption\"><em>Ohnm\u00e4chtig verfolge ich mit tiefstem Kummer die kriegerischen Ereignisse. Ich bete f\u00fcr baldigen Frieden. Ich ersuche die Verantwortlichen, ihre Eigeninteressen in den Hintergrund zu stellen und vor allem die Bev\u00f6lkerung zu schonen. Die Schweiz ersuche ich um aktive Vermittlung. (Heinz Gl\u00e4ttli, 11.3.2022)<\/em><\/figcaption><\/figure>\n\n\n\n<p><\/p>\n\n\n\n<p><\/p>\n\n\n\n<p class=\"has-extra-large-font-size\">Wo und wann wir uns treffen<\/p>\n\n\n\n<p>Die ARGE Rum\u00e4nien wird geleitet von einem Vorstand, der grunds\u00e4tzlich f\u00fcr drei Jahre gew\u00e4hlt wird. Einmal pro Jahr soll \u00fcber die Gesch\u00e4fte der ARGE Bericht erstattet werden (Jahresbericht und Vorlage der Jahresrechnung). An der Mitgliederversammlung haben die ARGE-Mitglieder das Recht, das Wirken ihres Vorstandes gutzuheissen oder abzulehnen, ferner haben sie das Recht, den Vorstand neu zu bestellen und andere wichtige Gesch\u00e4fte durchzuf\u00fchren oder vorzuschlagen. Die Jahresversammlungen sollen als Pr\u00e4senz-Veranstaltungen stattfinden und m\u00fcssen rechtzeitig angek\u00fcndigt werden.<\/p>\n\n\n\n<p><em>Am 25. Oktober 2024 fand unsere Mitgliederversammlung statt in Ulm, bei welcher alle Gesch\u00e4fte behandelt wurden. Es gab keine \u00dcberraschungen, und der Vorstand f\u00fcr die Periode 2024\/10 &#8211; 2027\/10 konnte gew\u00e4hlt werden.<\/em><\/p>\n\n\n\n<p>Die ARGE-Leitung strebt an, die Jahreshauptversammlung an einem Ort durchzuf\u00fchren, der f\u00fcr die Mitglieder attraktiv ist, wenn m\u00f6glich gleichzeitig zu einer Philatelie-Ausstellung. Bei einem ARGE-Treffen soll der gesch\u00e4ftliche Teil nur einen geringen Zeitrahmen bean-spruchen; wichtiger sollen die fachlichen Vortr\u00e4ge sein, kombiniert mit angenehmen kulturellen und gesellschaftlichen Anl\u00e4ssen. Die n\u00e4chsten Treffen sollen in der Regel fr\u00fchzeitig (6 Monate im Voraus) festgelegt werden.<\/p>\n\n\n\n<p>Am 17. Juli 2026 soll unser 46. Symposium stattfinden. Der Besuch der Symposien der letzten Jahre war nur bescheiden, und so haben wir uns wiederum f\u00fcr einen Anlass in Deutschland entschlossen. Die BEPHILA 2026 ist unseres Erachtens eine attraktive Wahl. Aber wir m\u00fcssen erw\u00e4gen, diesen festen Programmpunkt &#8222;Durchf\u00fchrung eines Symposiums&#8220; der letzten Jahrzehnte in Zukunft zu redimensionieren oder ganz wegzulassen. Die ARGE-Mitglieder werden im Mitgliederbrief Februar 2026 gebeten, sich diesbez\u00fcglich zu \u00e4ussern. Die Resultate der Evaluationen sollen am Symposium besprochen werden. N\u00e4here Details zum Programm der BEPHILA 2026 werden auf der Seite &#8222;Mehr \u00fcber uns&#8220; angezeigt.<br><\/p>\n\n\n\n<figure class=\"wp-block-image size-large\"><img loading=\"lazy\" decoding=\"async\" width=\"1024\" height=\"974\" src=\"https:\/\/arge-rumaenien.ch\/wp-content\/uploads\/2026\/02\/bephila-Bild-1-1024x974.jpg\" alt=\"\" class=\"wp-image-797\" srcset=\"https:\/\/arge-rumaenien.ch\/wp-content\/uploads\/2026\/02\/bephila-Bild-1-1024x974.jpg 1024w, https:\/\/arge-rumaenien.ch\/wp-content\/uploads\/2026\/02\/bephila-Bild-1-300x285.jpg 300w, https:\/\/arge-rumaenien.ch\/wp-content\/uploads\/2026\/02\/bephila-Bild-1-768x731.jpg 768w, https:\/\/arge-rumaenien.ch\/wp-content\/uploads\/2026\/02\/bephila-Bild-1-1536x1461.jpg 1536w, https:\/\/arge-rumaenien.ch\/wp-content\/uploads\/2026\/02\/bephila-Bild-1-1568x1492.jpg 1568w, https:\/\/arge-rumaenien.ch\/wp-content\/uploads\/2026\/02\/bephila-Bild-1.jpg 1968w\" sizes=\"auto, (max-width: 1024px) 100vw, 1024px\" \/><figcaption class=\"wp-element-caption\">EPSON MFP image<\/figcaption><\/figure>\n\n\n\n<p class=\"has-extra-large-font-size\">Kontakte \/ Vorstand<\/p>\n\n\n\n<p>Erster Vorsitzender:&nbsp;&nbsp;&nbsp;&nbsp;&nbsp;&nbsp;&nbsp;&nbsp;&nbsp;&nbsp;&nbsp;&nbsp;&nbsp;&nbsp;&nbsp;&nbsp;&nbsp;&nbsp;&nbsp;&nbsp;&nbsp;&nbsp; <br>Heinz Gl\u00e4ttli, CH-4132 Muttenz (Schweiz), Gartenstrasse 61<br><a href=\"mailto:glaettli.muttenz@bluewin.ch\">glaettli.muttenz@bluewin.ch<\/a><br>Tel. +41 61 462 02 53<\/p>\n\n\n\n<p>Zweiter Vorsitzender:<br>Walter Heinz Wagner, D-52068 Aachen, Katharinenstrasse 18a<br><a href=\"mailto:info@wahewa.de\">info@wahewa.de<\/a><br>Tel. +49-2415 548 30<\/p>\n\n\n\n<p>Schriftf\u00fchrer:<br>Thomas F\u00e4ger, D-81547 M\u00fcnchen, Fromundstrasse 45<br>tfmuenchen (at) yahoo.de<br>Tel. +49 174 41 59 599<\/p>\n\n\n\n<p>Webmaster: Heinz Gl\u00e4ttli<\/p>\n\n\n\n<p><br><\/p>\n\n\n\n<p class=\"has-extra-large-font-size\">Kontakte f\u00fcr rum\u00e4nisch sprechende Personen:<\/p>\n\n\n\n<p>Heinz Gl\u00e4ttli freut sich, wenn Sie ihn kontaktieren zu Ihren Fragen. Er spricht deutsch, englisch und franz\u00f6sisch. Wenn Sie sich gerne auf rum\u00e4nisch unterhalten wollen, bitten wir Sie, den Kontakt zu suchen bei Walter H. Wagner.<\/p>\n\n\n\n<p><\/p>\n\n\n\n<p><\/p>\n\n\n\n<p class=\"has-extra-large-font-size\">Bankkonto:<\/p>\n\n\n\n<p>Bankkonto: Postfinance AG, Mingerstrasse 20, CH-3030 Bern<br>Rubrik: EURO ARGE Rum\u00e4nien<br>IBAN CH62 0900 0000 1578 3461 7<br>BIC&nbsp;&nbsp; POFICHBEXXX<\/p>\n\n\n\n<p><\/p>\n\n\n\n<p><\/p>\n\n\n\n<p class=\"has-extra-large-font-size\">Aktualisierungen Homepage:<\/p>\n\n\n\n<p>Letzte:  <\/p>\n\n\n\n<p>2026-02-11: Aktualisierung (siehe auch: &#8222;Mehr \u00fcber uns&#8220;)<br>2025-04-26: Aktualisierung Anlass Bernaba 2025 (siehe: &#8222;Mehr \u00fcber uns&#8220;) und &#8222;Das Rundschreiben der Arbeitsgemeinschaft&#8220;<br>2025-01-11: Begr\u00fcssung Jahr 2025 und Aktualisierung (siehe auch: &#8222;Mehr \u00fcber uns&#8220;)<br>2024-10-28: Aktualisierung Seiten &#8222;Home&#8220; und &#8222;Mehr \u00fcber uns&#8220;<br>2024-10-21: Programm-Erg\u00e4nzung (siehe: &#8222;Mehr \u00fcber uns&#8220;)<br>2024-09-24: Aktualisierung (siehe auch: &#8222;Mehr \u00fcber uns&#8220;)<br>2024-07-30: Aktualisierung (siehe auch: &#8222;Mehr \u00fcber uns&#8220;)<br>2024-04-18: Aktualisierung (siehe &#8222;Mehr \u00fcber uns&#8220;)<br>2024-04-17: Aktualisierung (siehe &#8222;Mehr \u00fcber uns&#8220;)<br>2024-04-16: Aktualisierung<br>2024-04-13: Erg\u00e4nzung und \u00c4nderung Programm EFIRO (siehe &#8222;Mehr \u00fcber uns&#8220;) <br>2024-04-09: Aktualisierung Treffen Bukarest<br>2023-05-24: Erg\u00e4nzung Programm IBRA (siehe &#8222;Mehr \u00fcber uns&#8220;)<br>2023-05-23: Anpassung Programm IBRA (siehe &#8222;Mehr \u00fcber uns&#8220;)<br>2023-05-18: Ank\u00fcndigung &#8222;Workshop&#8220; 28.5. (siehe &#8222;Mehr \u00fcber uns&#8220;)<br>2023-05-04: Details zum Programm IBRA (siehe &#8222;Mehr \u00fcber uns&#8220;)<br>2023-03-25: Erg\u00e4nzung Information Homepage<br>2023-02-14: Hinweis auf RS Nummer 177; Seite &#8222;Das Rundschreiben der Arbeitsgemeinschaft&#8220; aktualisiert (deutsch &amp; englisch)<br>2023-01-31: Details zum Symposium. (Seiten: &#8222;Home&#8220; und &#8222;mehr \u00fcber uns&#8220;)<br>2023-01-24: Aktualisierung &#8222;n\u00e4chste Treffen&#8220; auf &#8222;Mehr \u00fcber uns&#8220;<br>2022-12-30: Neujahrsgruss<br>2022-10-26+27: Aktualisierungen Programm in Ulm<br>2022-10-23: Aktualisierungen Treffen in Ulm<br>2022-10-21: Aktualisierung Treffen der ARGE (Programm)<br>2022-08-23: homepage: Abdruck Einladung an Symposium (d\/e)<br>2022-07-22: Seite &#8222;Das Rundschreiben der Arbeitsgemeinschaft&#8220; aktualisiert (deutsch &amp; englisch)<br>2022-05-29: &#8222;Galerie&#8220; (Version 9): Neues St\u00fcck des Monates (5\/2022); Aktualisierung &#8222;n\u00e4chste Treffen&#8220; auf &#8222;Mehr \u00fcber uns&#8220;<br>2022-05-25: englischer Teil erweitert, Aktualisierung<br>2022-05-14: Seite &#8222;Mehr \u00fcber uns&#8220; (Version 7): Details zum n\u00e4chsten Treffen in Lugano<br>2022-04-30: Seite &#8222;Galerie&#8220; (Version 7): Neues St\u00fcck des Monates (4\/2022)<br>2022-04-24: Seite &#8222;Galerie&#8220; (Version 6): Antwort zum St\u00fcck des Monates 2\/22; &#8222;Literature for the collecting field Romania&#8220; (version 1) <br>2022-04-12: Seite &#8222;Mehr \u00fcber uns&#8220; (Version 6) &#8211; Bekanntgabe Tagungsort Symposium 2022 &#8211; English page added (&#8222;Collecting fields&#8220;)<br>2022-03-31: Seite &#8222;Galerie&#8220; (Version 5) mit &#8222;St\u00fcck des Monates&#8220; 3\/22<br>2022-03-29: Homepage auch auf englisch (zur Zeit erst Teile)<br>2022-03-15: Seite &#8222;Galerie&#8220; (Version 4) mit &#8222;St\u00fcck des Monats&#8220; (Frage) und Seite &#8222;Home&#8220; (Version 4): Anzeige &#8222;Aktualisierung&#8220;<br>2022-03-11: Seite &#8222;Home&#8220; (Version 3) und Seite &#8222;Mehr \u00fcber uns&#8220; (Version 5)<\/p>\n\n\n\n<p><br><\/p>\n\n\n\n<p><\/p>\n\n\n\n<p>Version 37 \u2013 hgl 2026-02-11<\/p>\n","protected":false},"excerpt":{"rendered":"<p>Wer wir sind Die Arbeitsgemeinschaft \u00abRum\u00e4nien\u00bb wurde 1969 gegr\u00fcndet und feierte im Jahr 2019 ihr 50-j\u00e4hriges Bestehen. Grunds\u00e4tzlich kann jeder Freund der Philatelie Rum\u00e4niens bei uns Mitglied werden. Wir beabsichtigen die Philatelie zu f\u00f6rdern, durch den weiteren Ausbau der Philatelie-Kunde und der Postgeschichte. Durch Information und Erfahrungsaustausch versuchen wir die Kenntnisse \u00fcber das Philatelie &#8211;&hellip; <a class=\"more-link\" href=\"https:\/\/arge-rumaenien.ch\/\"><span class=\"screen-reader-text\">Home<\/span> weiterlesen<\/a><\/p>\n","protected":false},"author":1,"featured_media":0,"parent":0,"menu_order":0,"comment_status":"closed","ping_status":"closed","template":"","meta":{"footnotes":""},"class_list":["post-4","page","type-page","status-publish","hentry","entry"],"_links":{"self":[{"href":"https:\/\/arge-rumaenien.ch\/index.php?rest_route=\/wp\/v2\/pages\/4","targetHints":{"allow":["GET"]}}],"collection":[{"href":"https:\/\/arge-rumaenien.ch\/index.php?rest_route=\/wp\/v2\/pages"}],"about":[{"href":"https:\/\/arge-rumaenien.ch\/index.php?rest_route=\/wp\/v2\/types\/page"}],"author":[{"embeddable":true,"href":"https:\/\/arge-rumaenien.ch\/index.php?rest_route=\/wp\/v2\/users\/1"}],"replies":[{"embeddable":true,"href":"https:\/\/arge-rumaenien.ch\/index.php?rest_route=%2Fwp%2Fv2%2Fcomments&post=4"}],"version-history":[{"count":90,"href":"https:\/\/arge-rumaenien.ch\/index.php?rest_route=\/wp\/v2\/pages\/4\/revisions"}],"predecessor-version":[{"id":804,"href":"https:\/\/arge-rumaenien.ch\/index.php?rest_route=\/wp\/v2\/pages\/4\/revisions\/804"}],"wp:attachment":[{"href":"https:\/\/arge-rumaenien.ch\/index.php?rest_route=%2Fwp%2Fv2%2Fmedia&parent=4"}],"curies":[{"name":"wp","href":"https:\/\/api.w.org\/{rel}","templated":true}]}}