{"id":282,"date":"2022-03-31T12:39:15","date_gmt":"2022-03-31T12:39:15","guid":{"rendered":"https:\/\/arge-rumaenien.ch\/?page_id=282"},"modified":"2022-04-24T19:25:24","modified_gmt":"2022-04-24T19:25:24","slug":"gallery-2","status":"publish","type":"page","link":"https:\/\/arge-rumaenien.ch\/?page_id=282&lang=en","title":{"rendered":"Literature for the collecting field Romania"},"content":{"rendered":"\n<figure class=\"wp-block-image size-full\"><img loading=\"lazy\" decoding=\"async\" width=\"574\" height=\"873\" src=\"https:\/\/arge-rumaenien.ch\/wp-content\/uploads\/2022\/04\/lit1-1.jpg\" alt=\"\" class=\"wp-image-307\" srcset=\"https:\/\/arge-rumaenien.ch\/wp-content\/uploads\/2022\/04\/lit1-1.jpg 574w, https:\/\/arge-rumaenien.ch\/wp-content\/uploads\/2022\/04\/lit1-1-197x300.jpg 197w\" sizes=\"auto, (max-width: 574px) 100vw, 574px\" \/><\/figure>\n\n\n\n<p>Already in early years philatelists published philatelic books which were specialised on topics about Romanian philately (or its precursor prinicipality of Wallachia). The shown booklet of &#8222;Dr. Magnus&#8220; (= Jacques Amable Legrand, 1820-1912) probably is the earliest work to be mentioned. If the first edition was published also in 1869 as the second edition (shown here) is still subject of futher  clarification (work in progress).<\/p>\n\n\n\n<p>The members of the study circle &#8222;ARGE Rum\u00e4nien&#8220; today have a long list of relevant philatelic literature, supporting them in their hobby. In section three of this homepage we will try to list all philatelic books referring to Romanian philately, and further we will try to give some commentarial notes to them (work in progress).<\/p>\n\n\n\n<p>Collectors of today have a much better  baseline to study philately and postal history of Romania than their precursors, 50 years ago. This is the result of the activities of many busy philatelists, some of them members (or former members) of the study circle &#8222;ARGE Rum\u00e4nien&#8220;!<\/p>\n\n\n\n<p>Which literature is essential for collectors of Romanian philately?<\/p>\n\n\n\n<p>Of course this question depends of the exact topic of the collector (see chapter 4 of this homepage). If we want to identify, catalogue and get an idea of the value of stamps and postal stationery items, collectors are fairly advised to buy a &#8222;Michel&#8220; catalogue (for stamps or for postal stationery). Since the year 2020 Michel actually divides its catalogues for Europe into 16 volumes, whereof volume 8 is &#8222;S\u00fcdosteuropa&#8220; (Moldavia and Romania).<\/p>\n\n\n\n<figure class=\"wp-block-image size-full\"><img loading=\"lazy\" decoding=\"async\" width=\"563\" height=\"847\" src=\"https:\/\/arge-rumaenien.ch\/wp-content\/uploads\/2022\/04\/lit2-1.jpg\" alt=\"\" class=\"wp-image-309\" srcset=\"https:\/\/arge-rumaenien.ch\/wp-content\/uploads\/2022\/04\/lit2-1.jpg 563w, https:\/\/arge-rumaenien.ch\/wp-content\/uploads\/2022\/04\/lit2-1-199x300.jpg 199w\" sizes=\"auto, (max-width: 563px) 100vw, 563px\" \/><figcaption><em>format: height 23 cm<\/em><\/figcaption><\/figure>\n\n\n\n<p>I point out that of course there are other &#8222;world&#8220;-stamp catalogues, as &#8222;Stanley Gibbons&#8220; (Great Britain), &#8222;Scott&#8220; (USA) and &#8222;Yvert &amp; Tellier&#8220; (France), which differ in parts from &#8222;Michel&#8220;. Also the Swiss catalogue &#8222;Zumstein&#8220; should really be recommended although this philatelic firm regretfully ceased in 1993 to publish their catalogues &#8222;Europe&#8220;. <\/p>\n\n\n\n<figure class=\"wp-block-image size-full\"><img loading=\"lazy\" decoding=\"async\" width=\"649\" height=\"892\" src=\"https:\/\/arge-rumaenien.ch\/wp-content\/uploads\/2022\/04\/lit-3.jpg\" alt=\"\" class=\"wp-image-311\" srcset=\"https:\/\/arge-rumaenien.ch\/wp-content\/uploads\/2022\/04\/lit-3.jpg 649w, https:\/\/arge-rumaenien.ch\/wp-content\/uploads\/2022\/04\/lit-3-218x300.jpg 218w\" sizes=\"auto, (max-width: 649px) 100vw, 649px\" \/><figcaption><em>format: height 24 cm. &#8222;Rum\u00e4nien&#8220; on pages 316 &#8211; 449<\/em><\/figcaption><\/figure>\n\n\n\n<p>&#8222;Zumstein 1992&#8220; gave information that cannot be found in Michel.<\/p>\n\n\n\n<p>A class of its own and more detailled than the above mentioned catalogues is my favourite catalogue for stamps of Romania, the &#8222;CMPR &#8217;74&#8220;. The only disadvantage of this work is the fact, that it was published nearly 50 years ago (in 1974).<\/p>\n\n\n\n<figure class=\"wp-block-image size-full\"><img loading=\"lazy\" decoding=\"async\" width=\"528\" height=\"741\" src=\"https:\/\/arge-rumaenien.ch\/wp-content\/uploads\/2022\/04\/lit-4.jpg\" alt=\"\" class=\"wp-image-310\" srcset=\"https:\/\/arge-rumaenien.ch\/wp-content\/uploads\/2022\/04\/lit-4.jpg 528w, https:\/\/arge-rumaenien.ch\/wp-content\/uploads\/2022\/04\/lit-4-214x300.jpg 214w\" sizes=\"auto, (max-width: 528px) 100vw, 528px\" \/><figcaption><em>format: height 24.5 cm, 624 pages<\/em><\/figcaption><\/figure>\n\n\n\n<p>Concerning the postal stationery we can use the old book of Ascher, but this book is old (1928). <\/p>\n\n\n\n<figure class=\"wp-block-image size-full\"><img loading=\"lazy\" decoding=\"async\" width=\"379\" height=\"703\" src=\"https:\/\/arge-rumaenien.ch\/wp-content\/uploads\/2022\/04\/lit-5.jpg\" alt=\"\" class=\"wp-image-317\" srcset=\"https:\/\/arge-rumaenien.ch\/wp-content\/uploads\/2022\/04\/lit-5.jpg 379w, https:\/\/arge-rumaenien.ch\/wp-content\/uploads\/2022\/04\/lit-5-162x300.jpg 162w\" sizes=\"auto, (max-width: 379px) 100vw, 379px\" \/><figcaption><em>format: height 20 cm, &#8222;Rum\u00e4nien&#8220; on pages 956-972<\/em><\/figcaption><\/figure>\n\n\n\n<p>We can find actual information in the &#8222;Michel Ganzsachen-Katalog Europa Ost&#8220; (including Romania). Or, maybe, we use the Romanian book of Emanoil Savoiu (see below, bi-lingual; also in english).<\/p>\n\n\n\n<figure class=\"wp-block-image size-large\"><img loading=\"lazy\" decoding=\"async\" width=\"785\" height=\"1024\" src=\"https:\/\/arge-rumaenien.ch\/wp-content\/uploads\/2022\/04\/Savoiu-Ganzsachen-1178x1536-1-785x1024.jpg\" alt=\"\" class=\"wp-image-312\" srcset=\"https:\/\/arge-rumaenien.ch\/wp-content\/uploads\/2022\/04\/Savoiu-Ganzsachen-1178x1536-1-785x1024.jpg 785w, https:\/\/arge-rumaenien.ch\/wp-content\/uploads\/2022\/04\/Savoiu-Ganzsachen-1178x1536-1-230x300.jpg 230w, https:\/\/arge-rumaenien.ch\/wp-content\/uploads\/2022\/04\/Savoiu-Ganzsachen-1178x1536-1-768x1001.jpg 768w, https:\/\/arge-rumaenien.ch\/wp-content\/uploads\/2022\/04\/Savoiu-Ganzsachen-1178x1536-1.jpg 1178w\" sizes=\"auto, (max-width: 785px) 100vw, 785px\" \/><figcaption><em>format: 28 cm, 256 pages<\/em><\/figcaption><\/figure>\n\n\n\n<p>I do not know a reader of the following book who is not enthusiastic about it, although the quality of the illustartions somewhat is deficient. <\/p>\n\n\n\n<figure class=\"wp-block-image size-full\"><img loading=\"lazy\" decoding=\"async\" width=\"534\" height=\"753\" src=\"https:\/\/arge-rumaenien.ch\/wp-content\/uploads\/2022\/04\/lit-7.jpg\" alt=\"\" class=\"wp-image-321\" srcset=\"https:\/\/arge-rumaenien.ch\/wp-content\/uploads\/2022\/04\/lit-7.jpg 534w, https:\/\/arge-rumaenien.ch\/wp-content\/uploads\/2022\/04\/lit-7-213x300.jpg 213w\" sizes=\"auto, (max-width: 534px) 100vw, 534px\" \/><\/figure>\n\n\n\n<p>In the year 1990 author Kiriac Dragomir set a milestone in philatelic literature of Romania by publishing his work about Cancellations of Romania 1822-1910. A short time ago, we saw a succession-work of Mister Calin Marinescu: &#8222;The Romanian Post Office Cancelling Devices, Postmarks, Markings and Seals 1852-2017&#8220; (2019). The same author is a philatelist of merit with many publications. In my opinion his masterwork is the two-volume book about the evolution of postal tarifs. The second edition of 2008 even surpasses the also useful first edition of 1992 by far.<\/p>\n\n\n\n<figure class=\"wp-block-image size-full is-resized\"><img loading=\"lazy\" decoding=\"async\" src=\"https:\/\/arge-rumaenien.ch\/wp-content\/uploads\/2022\/04\/lit-8.jpg\" alt=\"\" class=\"wp-image-322\" width=\"519\" height=\"736\" srcset=\"https:\/\/arge-rumaenien.ch\/wp-content\/uploads\/2022\/04\/lit-8.jpg 354w, https:\/\/arge-rumaenien.ch\/wp-content\/uploads\/2022\/04\/lit-8-212x300.jpg 212w\" sizes=\"auto, (max-width: 519px) 100vw, 519px\" \/><\/figure>\n\n\n\n<p>The philatelists interested in Romanian postal history were privileged to receive many additional studies from different authors. An incredible performance was effected by Dr. Gertlieb Gmach in the years 2014-2017 in publishing the work of Austrian and Hungarian post offices in the two principalities 1782 to 1880.<\/p>\n\n\n\n<figure class=\"wp-block-image size-large\"><img loading=\"lazy\" decoding=\"async\" width=\"747\" height=\"1024\" src=\"https:\/\/arge-rumaenien.ch\/wp-content\/uploads\/2022\/04\/lit-9-747x1024.jpg\" alt=\"\" class=\"wp-image-323\" srcset=\"https:\/\/arge-rumaenien.ch\/wp-content\/uploads\/2022\/04\/lit-9-747x1024.jpg 747w, https:\/\/arge-rumaenien.ch\/wp-content\/uploads\/2022\/04\/lit-9-219x300.jpg 219w, https:\/\/arge-rumaenien.ch\/wp-content\/uploads\/2022\/04\/lit-9-768x1053.jpg 768w, https:\/\/arge-rumaenien.ch\/wp-content\/uploads\/2022\/04\/lit-9.jpg 1120w\" sizes=\"auto, (max-width: 747px) 100vw, 747px\" \/><\/figure>\n\n\n\n<p>The whole study was published in four volumes, including 358, 349, 411 and 466 pages. I suppose, his researches in archives required a four-figure amount of hours&#8230;<\/p>\n\n\n\n<p>50 years ago the collecting field &#8222;Romania&#8220; was not on top of the ranking by the philatelic collectors. This surely and clearly changed within the last decades. This is also a result of the indefatigable promotion for Romanian philately by the president 1972-2021 of the &#8222;ARGE Rum\u00e4nien&#8220;, Fritz Heimb\u00fcchler. His main focus was on the first eight stamp issues of Romania 1858-1872, to which he devoted two books in 1994 and 2002 (plus an additional supplement 2007). <\/p>\n\n\n\n<figure class=\"wp-block-image size-full\"><img loading=\"lazy\" decoding=\"async\" width=\"609\" height=\"848\" src=\"https:\/\/arge-rumaenien.ch\/wp-content\/uploads\/2022\/04\/lit-10.jpg\" alt=\"\" class=\"wp-image-324\" srcset=\"https:\/\/arge-rumaenien.ch\/wp-content\/uploads\/2022\/04\/lit-10.jpg 609w, https:\/\/arge-rumaenien.ch\/wp-content\/uploads\/2022\/04\/lit-10-215x300.jpg 215w\" sizes=\"auto, (max-width: 609px) 100vw, 609px\" \/><\/figure>\n\n\n\n<p>His work &#8222;Rum\u00e4nien: F\u00fcrstentum Walachei 1820-1862, Vereinigte F\u00fcrstent\u00fcmer 1862-1872&#8220; received  the very honourable award, the Crawford medal of the Royal Philatelic Society London in 2003.<\/p>\n\n\n\n<p>I hope all authors of other books I missed to mention in this chapter will forgive me. Please become member of the study group &#8222;ARGE Rum\u00e4nien&#8220;, sooner or later you should find your work commented in the chapter &#8222;for members only&#8220; on this homepage.<\/p>\n\n\n\n<p>Our overview about very important literature of Romanian philately would not be complete if we would not mention the large section of auction catalogues.<\/p>\n\n\n\n<figure class=\"wp-block-image size-full\"><img loading=\"lazy\" decoding=\"async\" width=\"549\" height=\"787\" src=\"https:\/\/arge-rumaenien.ch\/wp-content\/uploads\/2022\/04\/lit-11.jpg\" alt=\"\" class=\"wp-image-325\" srcset=\"https:\/\/arge-rumaenien.ch\/wp-content\/uploads\/2022\/04\/lit-11.jpg 549w, https:\/\/arge-rumaenien.ch\/wp-content\/uploads\/2022\/04\/lit-11-209x300.jpg 209w\" sizes=\"auto, (max-width: 549px) 100vw, 549px\" \/><\/figure>\n\n\n\n<p>In such auction catalogues the collectors find the philatelic material coming to the market. The collector learns a lot by studying the sometimes very carefully described lots and the collector is able to better valuate the offered material at the times when the sales took place. Many rarities are newly disclosed in auction catalogues.<\/p>\n\n\n\n<p><\/p>\n\n\n\n<p>English version 1 &#8211; hgl 2022-04-24<\/p>\n","protected":false},"excerpt":{"rendered":"<p>Already in early years philatelists published philatelic books which were specialised on topics about Romanian philately (or its precursor prinicipality of Wallachia). The shown booklet of &#8222;Dr. Magnus&#8220; (= Jacques Amable Legrand, 1820-1912) probably is the earliest work to be mentioned. If the first edition was published also in 1869 as the second edition (shown&hellip; <a class=\"more-link\" href=\"https:\/\/arge-rumaenien.ch\/?page_id=282&#038;lang=en\"><span class=\"screen-reader-text\">Literature for the collecting field Romania<\/span> weiterlesen<\/a><\/p>\n","protected":false},"author":2,"featured_media":0,"parent":0,"menu_order":0,"comment_status":"closed","ping_status":"closed","template":"","meta":{"footnotes":""},"class_list":["post-282","page","type-page","status-publish","hentry","entry"],"_links":{"self":[{"href":"https:\/\/arge-rumaenien.ch\/index.php?rest_route=\/wp\/v2\/pages\/282","targetHints":{"allow":["GET"]}}],"collection":[{"href":"https:\/\/arge-rumaenien.ch\/index.php?rest_route=\/wp\/v2\/pages"}],"about":[{"href":"https:\/\/arge-rumaenien.ch\/index.php?rest_route=\/wp\/v2\/types\/page"}],"author":[{"embeddable":true,"href":"https:\/\/arge-rumaenien.ch\/index.php?rest_route=\/wp\/v2\/users\/2"}],"replies":[{"embeddable":true,"href":"https:\/\/arge-rumaenien.ch\/index.php?rest_route=%2Fwp%2Fv2%2Fcomments&post=282"}],"version-history":[{"count":4,"href":"https:\/\/arge-rumaenien.ch\/index.php?rest_route=\/wp\/v2\/pages\/282\/revisions"}],"predecessor-version":[{"id":326,"href":"https:\/\/arge-rumaenien.ch\/index.php?rest_route=\/wp\/v2\/pages\/282\/revisions\/326"}],"wp:attachment":[{"href":"https:\/\/arge-rumaenien.ch\/index.php?rest_route=%2Fwp%2Fv2%2Fmedia&parent=282"}],"curies":[{"name":"wp","href":"https:\/\/api.w.org\/{rel}","templated":true}]}}