{"id":25,"date":"2022-01-14T16:48:49","date_gmt":"2022-01-14T16:48:49","guid":{"rendered":"https:\/\/arge-rumaenien.ch\/?page_id=25"},"modified":"2025-04-26T21:57:28","modified_gmt":"2025-04-26T21:57:28","slug":"das-rundschreiben-der-arbeitsgemeinschaft","status":"publish","type":"page","link":"https:\/\/arge-rumaenien.ch\/?page_id=25","title":{"rendered":"Das Rundschreiben der Arbeitsgemeinschaft"},"content":{"rendered":"\n<figure class=\"wp-block-image size-full\"><img loading=\"lazy\" decoding=\"async\" width=\"842\" height=\"615\" src=\"https:\/\/arge-rumaenien.ch\/wp-content\/uploads\/2022\/01\/rund.jpg\" alt=\"\" class=\"wp-image-26\" srcset=\"https:\/\/arge-rumaenien.ch\/wp-content\/uploads\/2022\/01\/rund.jpg 842w, https:\/\/arge-rumaenien.ch\/wp-content\/uploads\/2022\/01\/rund-300x219.jpg 300w, https:\/\/arge-rumaenien.ch\/wp-content\/uploads\/2022\/01\/rund-768x561.jpg 768w\" sizes=\"auto, (max-width: 842px) 100vw, 842px\" \/><\/figure>\n\n\n\n<p>Im Juni 1969 erschien das erste Rundschreiben der Arbeitsgemeinschaft, herausgegeben vom Gr\u00fcnder der ARGE, Herrn Horst Scherrer. Er schrieb damals:<\/p>\n\n\n\n<p>\u201eDer Schwerpunkt der Arbeiten wird auf dem sog. Halb- und nachklassischen Teil von Rum\u00e4nien liegen. Trotzdem soll die \u201eModerne\u201c \u2013 nach 1945 \u2013 nicht zu kurz kommen\u201c.<\/p>\n\n\n\n<p>In rascher Folge kamen neue, wenige Seiten umfassende Hefte heraus, im Januar 1971 bereits Rundschreiben R. 11. In Rundschreiben 12 (November 1971) gab dann aber Herr Horst Scherrer bekannt, dass er die Leitung der ARGE und die Herausgabe des Rundschreibens in die H\u00e4nde von Fritz Heimb\u00fcchler lege.<\/p>\n\n\n\n<p>Von Januar 1972 bis zum September 2021 gab der heutige Ehrenvorsitzende Fritz Heimb\u00fcchler die Rundschreiben 13 \u2013 175 heraus, fast 50 Jahre lang! Dies sind im Schnitt mehr als drei Rundschreiben pro Jahr. Eine gewaltige Leistung! Jahrzehntelang waren die Rundschreiben in einem cr\u00e8mefarbenen Umschlag aus festem Papier eingelegt (mit Aufdruck, Muster oben).<\/p>\n\n\n\n<p>Fritz Heimb\u00fcchler schrieb fleissig und konnte sich die Mitarbeit sehr vieler ausgewiesener Philatelisten sichern und so wurde das Rundschreiben zu einem wichtigen Blatt der Forschung \u00fcber die Philatelie Rum\u00e4niens ausgebaut. Der Schwerpunkt der Artikel lag neu bei den Briefmarken-Ausgaben der Klassik 1858-1872 (erste acht Briefmarken-Ausgaben).<\/p>\n\n\n\n<p>Ein Inhaltsverzeichnis der bisherigen Rundschreiben wird im Bereich drei \u201eMitglieder\u201c aufgelistet (Projekt in Arbeit).<\/p>\n\n\n\n<p>Das Rundschreiben der ARGE soll 2022 fortgef\u00fchrt werden. \u00dcber gewisse Themen scheint bereits \u201ealles\u201c gesagt und gedruckt zu sein, doch zeigt ein Blick auf die Liste \u201eSammelgebiete\u201c eindr\u00fccklich, dass viele Gebiete bis heute nicht oder nur am Rande zur Sprache kamen; dasselbe gilt auch f\u00fcr die Vortr\u00e4ge an den Symposien. Wir laden nun die Interessierten ausdr\u00fccklich ein, auch andere Gebiete im \u201eRum\u00e4niensammler\u201c vorzustellen und das Wissen dazu zu vertiefen.<\/p>\n\n\n\n<p>Die Mitglieder der ARGE Rum\u00e4nien mussten sich etwas in Geduld \u00fcben, bis wir das erste Rundschreiben unter neuer Leitung herausgeben konnten. Wir hoffen, das Warten hat sich gelohnt:<\/p>\n\n\n\n<figure class=\"wp-block-image size-large is-resized\"><img loading=\"lazy\" decoding=\"async\" width=\"722\" height=\"1024\" src=\"https:\/\/arge-rumaenien.ch\/wp-content\/uploads\/2022\/07\/RS-no.-176-C-I-722x1024.jpg\" alt=\"\" class=\"wp-image-411\" style=\"width:610px;height:865px\" srcset=\"https:\/\/arge-rumaenien.ch\/wp-content\/uploads\/2022\/07\/RS-no.-176-C-I-722x1024.jpg 722w, https:\/\/arge-rumaenien.ch\/wp-content\/uploads\/2022\/07\/RS-no.-176-C-I-212x300.jpg 212w, https:\/\/arge-rumaenien.ch\/wp-content\/uploads\/2022\/07\/RS-no.-176-C-I-768x1089.jpg 768w, https:\/\/arge-rumaenien.ch\/wp-content\/uploads\/2022\/07\/RS-no.-176-C-I.jpg 809w\" sizes=\"auto, (max-width: 722px) 100vw, 722px\" \/><\/figure>\n\n\n\n<p>Rundschreiben 176 umfasst immerhin 32 Seiten (plus 4 Seiten Umschlag); das hatten wir seit acht Jahren nicht mehr. Zudem sind die Beitr\u00e4ge von sechs verschiedenen Autoren; dies w\u00fcnschen wir uns auch in Zukunft.<\/p>\n\n\n\n<figure class=\"wp-block-image size-large\"><img loading=\"lazy\" decoding=\"async\" width=\"743\" height=\"1024\" src=\"https:\/\/arge-rumaenien.ch\/wp-content\/uploads\/2023\/02\/RS-IV-176-743x1024.jpg\" alt=\"\" class=\"wp-image-503\" srcset=\"https:\/\/arge-rumaenien.ch\/wp-content\/uploads\/2023\/02\/RS-IV-176-743x1024.jpg 743w, https:\/\/arge-rumaenien.ch\/wp-content\/uploads\/2023\/02\/RS-IV-176-218x300.jpg 218w, https:\/\/arge-rumaenien.ch\/wp-content\/uploads\/2023\/02\/RS-IV-176-768x1058.jpg 768w, https:\/\/arge-rumaenien.ch\/wp-content\/uploads\/2023\/02\/RS-IV-176.jpg 848w\" sizes=\"auto, (max-width: 743px) 100vw, 743px\" \/><\/figure>\n\n\n\n<p>Rundschreiben 177 umfasst ebenfalls 32 Seiten. Wir begr\u00fcssen drei weitere Autoren.<\/p>\n\n\n\n<figure class=\"wp-block-image size-large\"><img loading=\"lazy\" decoding=\"async\" width=\"743\" height=\"1024\" src=\"https:\/\/arge-rumaenien.ch\/wp-content\/uploads\/2023\/02\/RS-IV-177-1-743x1024.jpg\" alt=\"\" class=\"wp-image-506\" srcset=\"https:\/\/arge-rumaenien.ch\/wp-content\/uploads\/2023\/02\/RS-IV-177-1-743x1024.jpg 743w, https:\/\/arge-rumaenien.ch\/wp-content\/uploads\/2023\/02\/RS-IV-177-1-218x300.jpg 218w, https:\/\/arge-rumaenien.ch\/wp-content\/uploads\/2023\/02\/RS-IV-177-1-768x1058.jpg 768w, https:\/\/arge-rumaenien.ch\/wp-content\/uploads\/2023\/02\/RS-IV-177-1.jpg 848w\" sizes=\"auto, (max-width: 743px) 100vw, 743px\" \/><\/figure>\n\n\n\n<p>Rundschreiben 178 umfasst ebenfalls 32 Seiten. Wir begr\u00fcssen Autoren 7, 8 und 9.<\/p>\n\n\n\n<figure class=\"wp-block-image size-large\"><img loading=\"lazy\" decoding=\"async\" width=\"692\" height=\"1024\" src=\"https:\/\/arge-rumaenien.ch\/wp-content\/uploads\/2025\/04\/IV-RS-178-692x1024.jpg\" alt=\"\" class=\"wp-image-777\" srcset=\"https:\/\/arge-rumaenien.ch\/wp-content\/uploads\/2025\/04\/IV-RS-178-692x1024.jpg 692w, https:\/\/arge-rumaenien.ch\/wp-content\/uploads\/2025\/04\/IV-RS-178-203x300.jpg 203w, https:\/\/arge-rumaenien.ch\/wp-content\/uploads\/2025\/04\/IV-RS-178.jpg 768w\" sizes=\"auto, (max-width: 692px) 100vw, 692px\" \/><figcaption class=\"wp-element-caption\">EPSON MFP image<\/figcaption><\/figure>\n\n\n\n<p>Rundschreiben 179 umfasst 36 Seiten (3 gr\u00f6ssere Beitr\u00e4ge). Wir begr\u00fcssen unseren zehnten Autor<\/p>\n\n\n\n<figure class=\"wp-block-image size-large\"><img loading=\"lazy\" decoding=\"async\" width=\"743\" height=\"1024\" src=\"https:\/\/arge-rumaenien.ch\/wp-content\/uploads\/2025\/04\/IV-RS-179-743x1024.jpg\" alt=\"\" class=\"wp-image-778\" srcset=\"https:\/\/arge-rumaenien.ch\/wp-content\/uploads\/2025\/04\/IV-RS-179-743x1024.jpg 743w, https:\/\/arge-rumaenien.ch\/wp-content\/uploads\/2025\/04\/IV-RS-179-218x300.jpg 218w, https:\/\/arge-rumaenien.ch\/wp-content\/uploads\/2025\/04\/IV-RS-179-768x1058.jpg 768w, https:\/\/arge-rumaenien.ch\/wp-content\/uploads\/2025\/04\/IV-RS-179.jpg 848w\" sizes=\"auto, (max-width: 743px) 100vw, 743px\" \/><figcaption class=\"wp-element-caption\">EPSON MFP image<\/figcaption><\/figure>\n\n\n\n<p class=\"has-extra-large-font-size\"><br>Richtlinie f\u00fcr Ver\u00f6ffentlichungen im Rundschreiben der Arbeitsgemeinschaft<\/p>\n\n\n\n<p>Der Vorstand 2022 w\u00fcnscht sich ausdr\u00fccklich eine breite Vielfalt der philatelistischen Beitr\u00e4ge. Artikel sollen wenn m\u00f6glich in Deutsch geschrieben werden, doch werden auch Artikel in Englisch, Franz\u00f6sisch oder Rum\u00e4nisch gerne angenommen. F\u00fcr solche (nicht deutschsprachigen) Artikel ist eine kurze Zusammenfassung in Deutsch gew\u00fcnscht; bei dieser Zusammenfassung kann der Vorstand der ARGE den Autoren unter Umst\u00e4nden unterst\u00fctzen. Artikel in rum\u00e4nischer Sprache senden die Autoren bitte an Herrn Walter H. Wagner, der die geeignete Form der Publizierung mit dem Autor und dem Leiter der ARGE bespricht.<\/p>\n\n\n\n<p>Artikel bzw. Studien, welche den Umfang von ca. 12 Seiten \u00fcberschreiten, werden (in Absprache mit den Autoren) grunds\u00e4tzlich auf mehrere Rundschreiben aufgeteilt. In aller Regel werden die Artikel von der Redaktionsleitung ungek\u00fcrzt und ohne \u00c4nderungen \u00fcbernommen; Ausnahmen davon werden mit den Autoren im Voraus abgesprochen.&nbsp; Mitglieder der ARGE d\u00fcrfen erwarten, dass ihre Fachbeitr\u00e4ge im Rundschreiben ver\u00f6ffentlicht werden, zu gegebener Zeit und allenfalls in mehreren Etappen. Gastbeitr\u00e4ge von Nicht-Mitgliedern sind in Ausnahmef\u00e4llen willkommen; \u00fcber ihre Ver\u00f6ffentlichung entscheidet der Gesamtvorstand.<\/p>\n\n\n\n<p>Die Einreichung der Manuskripte an Heinz Gl\u00e4ttli oder Walter H. Wagner (f\u00fcr Texte in Rum\u00e4nisch) soll bitte auf einem Speicher-Stick erfolgen. PDF-Dateien k\u00f6nnen, wenn sie nicht zu gross (schwer) sind, auch via e-mail an Heinz Gl\u00e4ttli gesandt werden.<\/p>\n\n\n\n\n\n<p>Version 4 \u2013 hgl 2025-04-26<\/p>\n","protected":false},"excerpt":{"rendered":"<p>Im Juni 1969 erschien das erste Rundschreiben der Arbeitsgemeinschaft, herausgegeben vom Gr\u00fcnder der ARGE, Herrn Horst Scherrer. Er schrieb damals: \u201eDer Schwerpunkt der Arbeiten wird auf dem sog. Halb- und nachklassischen Teil von Rum\u00e4nien liegen. Trotzdem soll die \u201eModerne\u201c \u2013 nach 1945 \u2013 nicht zu kurz kommen\u201c. In rascher Folge kamen neue, wenige Seiten umfassende&hellip; <a class=\"more-link\" href=\"https:\/\/arge-rumaenien.ch\/?page_id=25\"><span class=\"screen-reader-text\">Das Rundschreiben der Arbeitsgemeinschaft<\/span> weiterlesen<\/a><\/p>\n","protected":false},"author":1,"featured_media":0,"parent":0,"menu_order":0,"comment_status":"closed","ping_status":"closed","template":"","meta":{"footnotes":""},"class_list":["post-25","page","type-page","status-publish","hentry","entry"],"_links":{"self":[{"href":"https:\/\/arge-rumaenien.ch\/index.php?rest_route=\/wp\/v2\/pages\/25","targetHints":{"allow":["GET"]}}],"collection":[{"href":"https:\/\/arge-rumaenien.ch\/index.php?rest_route=\/wp\/v2\/pages"}],"about":[{"href":"https:\/\/arge-rumaenien.ch\/index.php?rest_route=\/wp\/v2\/types\/page"}],"author":[{"embeddable":true,"href":"https:\/\/arge-rumaenien.ch\/index.php?rest_route=\/wp\/v2\/users\/1"}],"replies":[{"embeddable":true,"href":"https:\/\/arge-rumaenien.ch\/index.php?rest_route=%2Fwp%2Fv2%2Fcomments&post=25"}],"version-history":[{"count":9,"href":"https:\/\/arge-rumaenien.ch\/index.php?rest_route=\/wp\/v2\/pages\/25\/revisions"}],"predecessor-version":[{"id":781,"href":"https:\/\/arge-rumaenien.ch\/index.php?rest_route=\/wp\/v2\/pages\/25\/revisions\/781"}],"wp:attachment":[{"href":"https:\/\/arge-rumaenien.ch\/index.php?rest_route=%2Fwp%2Fv2%2Fmedia&parent=25"}],"curies":[{"name":"wp","href":"https:\/\/api.w.org\/{rel}","templated":true}]}}