{"id":21,"date":"2022-01-14T16:46:38","date_gmt":"2022-01-14T16:46:38","guid":{"rendered":"https:\/\/arge-rumaenien.ch\/?page_id=21"},"modified":"2022-01-30T09:54:51","modified_gmt":"2022-01-30T09:54:51","slug":"sammelgebiete-der-rumaenischen-philatelie","status":"publish","type":"page","link":"https:\/\/arge-rumaenien.ch\/?page_id=21","title":{"rendered":"Sammelgebiete der rum\u00e4nischen Philatelie"},"content":{"rendered":"\n<figure class=\"wp-block-image size-large\"><img loading=\"lazy\" decoding=\"async\" width=\"1024\" height=\"697\" src=\"https:\/\/arge-rumaenien.ch\/wp-content\/uploads\/2022\/01\/sammel-1024x697.jpg\" alt=\"\" class=\"wp-image-22\" srcset=\"https:\/\/arge-rumaenien.ch\/wp-content\/uploads\/2022\/01\/sammel-1024x697.jpg 1024w, https:\/\/arge-rumaenien.ch\/wp-content\/uploads\/2022\/01\/sammel-300x204.jpg 300w, https:\/\/arge-rumaenien.ch\/wp-content\/uploads\/2022\/01\/sammel-768x523.jpg 768w, https:\/\/arge-rumaenien.ch\/wp-content\/uploads\/2022\/01\/sammel.jpg 1370w\" sizes=\"auto, (max-width: 1024px) 100vw, 1024px\" \/><\/figure>\n\n\n\n<p>Auf dieser alten Karte von Franz Johann Joseph Reilly \u00abDas F\u00fcrstenthum Walachey\u00bb (Wien 1791) wird die historische Landschaft der Walachei gezeigt; heute (2022) ein Teil von Rum\u00e4nien. Zur Zeit der Einf\u00fchrung von Briefmarken in Europa (1840) war das F\u00fcrstentum Walachei noch nicht unabh\u00e4ngig, sondern war ein Teil des Osmanischen Reiches. Rum\u00e4nien wird erst 1861 offiziell prokamiert, und erst 1878 unabh\u00e4ngig. Nach dem ersten Weltkrieg kommt es 1918 zu grossen Gebietsgewinnen.<\/p>\n\n\n\n<p>Das Sammelgebiet Rum\u00e4nien kann philatelistisch in viele Kapitel eingeteilt werden. Zeitliche Achse:<\/p>\n\n\n\n<p>1775-1859&nbsp;&nbsp;&nbsp;&nbsp;&nbsp;&nbsp;&nbsp;&nbsp;&nbsp;&nbsp; Epoche der (getrennten) F\u00fcrstent\u00fcmer Walachei und Moldau<\/p>\n\n\n\n<p>1859-1878&nbsp;&nbsp;&nbsp;&nbsp;&nbsp;&nbsp;&nbsp;&nbsp;&nbsp;&nbsp; Epoche der vereinigten F\u00fcrstent\u00fcmer Walachei und Moldau, Proklamierung von Rum\u00e4nien<\/p>\n\n\n\n<p>1878-1918&nbsp;&nbsp;&nbsp;&nbsp;&nbsp;&nbsp;&nbsp;&nbsp;&nbsp;&nbsp; Epoche des selbst\u00e4ndigen Rum\u00e4niens (ab 1881 K\u00f6nigreich)<\/p>\n\n\n\n<p>1918-1947&nbsp;&nbsp;&nbsp;&nbsp;&nbsp;&nbsp;&nbsp;&nbsp;&nbsp;&nbsp; Epoche der Nachkriegsordnung (Gebietsgewinne Siebenb\u00fcrgen, Ostungarn, Bukowina, Bessarabien)<\/p>\n\n\n\n<p>1947-1965&nbsp;&nbsp;&nbsp;&nbsp;&nbsp;&nbsp;&nbsp;&nbsp;&nbsp;&nbsp; Epoche der Volksrepublik Rum\u00e4nien<\/p>\n\n\n\n<p>1966-1989&nbsp;&nbsp;&nbsp;&nbsp;&nbsp;&nbsp;&nbsp;&nbsp;&nbsp;&nbsp; Epoche der Sozialistischen Republik Rum\u00e4nien<\/p>\n\n\n\n<p>1990-2022&nbsp;&nbsp;&nbsp;&nbsp;&nbsp;&nbsp;&nbsp;&nbsp;&nbsp;&nbsp; neueste Epoche (Republik Rum\u00e4nien).<\/p>\n\n\n\n<p>   <br><\/p>\n\n\n\n<p>Als Sammelgebiete der rum\u00e4nischen Philatelie k\u00f6nnen genannt werden<\/p>\n\n\n\n<ul class=\"wp-block-list\"><li>Die Briefmarken<\/li><li>Die Ganzsachen<\/li><li>Die Poststempel<\/li><li>Die Postgeschichte<ul><li>Allgemeine Postgeschichte<\/li><\/ul><ul><li>Spezielle Postgeschichte (Auswahl siehe untenstehende Kapitel)<\/li><\/ul><\/li><li>Essays und Versuchsdrucke<\/li><li>Die Postformulare<\/li><li>Die Russ- und Siegelstempel<\/li><li>Die Ausland-Post\u00e4mter<ul><li>Post des Osmanischen Reiches<\/li><li>\u00d6sterreichische Post<\/li><li>Russische Post<\/li><li>Franz\u00f6sische Post<\/li><li>Griechische Post<\/li><li>Bulgarische Post<\/li><li>Deutsche Post<\/li><\/ul><\/li><li>Die Dienstmarken und andere Spezialmarken<ul><li>Dienstmarken<\/li><li>Paketmarken<\/li><li>Portofreiheitsmarken<\/li><li>Nachportomarken<\/li><li>Zwangszuschlagsmarken<\/li><li>Ausgaben der rum\u00e4nischen Post in der Moldau<\/li><li>Rum\u00e4nische Post in der Levante<\/li><li>Rum\u00e4nisches Postamt in Konstantinopel<\/li><li>Telegraphen-Marken<\/li><li>Marken Lokal-Post<\/li><\/ul><\/li><li>Stempelmarken (Revenues)<\/li><li>F\u00e4lschungen<\/li><li>Postverkehr mit dem Ausland<ul><li>Eingehende Post<\/li><li>Ausgehende Post (Destinationen)<\/li><\/ul><\/li><li>Schiffspost<\/li><li>Eisenbahn-Post<\/li><li>Flugpost<\/li><li>Quarant\u00e4ne-Post<\/li><li>Milit\u00e4rpost<\/li><li>Zensurpost<\/li><li>Kriegsgefangenenpost<\/li><li>Post zu Hochinflations-Zeiten<\/li><li>Ansichtskarten<\/li><\/ul>\n\n\n\n<p><br>Version 2 \u2013 hgl 2022-01-30<\/p>\n","protected":false},"excerpt":{"rendered":"<p>Auf dieser alten Karte von Franz Johann Joseph Reilly \u00abDas F\u00fcrstenthum Walachey\u00bb (Wien 1791) wird die historische Landschaft der Walachei gezeigt; heute (2022) ein Teil von Rum\u00e4nien. Zur Zeit der Einf\u00fchrung von Briefmarken in Europa (1840) war das F\u00fcrstentum Walachei noch nicht unabh\u00e4ngig, sondern war ein Teil des Osmanischen Reiches. Rum\u00e4nien wird erst 1861 offiziell&hellip; <a class=\"more-link\" href=\"https:\/\/arge-rumaenien.ch\/?page_id=21\"><span class=\"screen-reader-text\">Sammelgebiete der rum\u00e4nischen Philatelie<\/span> weiterlesen<\/a><\/p>\n","protected":false},"author":1,"featured_media":0,"parent":0,"menu_order":0,"comment_status":"closed","ping_status":"closed","template":"","meta":{"footnotes":""},"class_list":["post-21","page","type-page","status-publish","hentry","entry"],"_links":{"self":[{"href":"https:\/\/arge-rumaenien.ch\/index.php?rest_route=\/wp\/v2\/pages\/21","targetHints":{"allow":["GET"]}}],"collection":[{"href":"https:\/\/arge-rumaenien.ch\/index.php?rest_route=\/wp\/v2\/pages"}],"about":[{"href":"https:\/\/arge-rumaenien.ch\/index.php?rest_route=\/wp\/v2\/types\/page"}],"author":[{"embeddable":true,"href":"https:\/\/arge-rumaenien.ch\/index.php?rest_route=\/wp\/v2\/users\/1"}],"replies":[{"embeddable":true,"href":"https:\/\/arge-rumaenien.ch\/index.php?rest_route=%2Fwp%2Fv2%2Fcomments&post=21"}],"version-history":[{"count":6,"href":"https:\/\/arge-rumaenien.ch\/index.php?rest_route=\/wp\/v2\/pages\/21\/revisions"}],"predecessor-version":[{"id":162,"href":"https:\/\/arge-rumaenien.ch\/index.php?rest_route=\/wp\/v2\/pages\/21\/revisions\/162"}],"wp:attachment":[{"href":"https:\/\/arge-rumaenien.ch\/index.php?rest_route=%2Fwp%2Fv2%2Fmedia&parent=21"}],"curies":[{"name":"wp","href":"https:\/\/api.w.org\/{rel}","templated":true}]}}