{"id":12,"date":"2022-01-14T16:36:19","date_gmt":"2022-01-14T16:36:19","guid":{"rendered":"https:\/\/arge-rumaenien.ch\/?page_id=12"},"modified":"2025-04-26T21:35:39","modified_gmt":"2025-04-26T21:35:39","slug":"mehr-ueber-uns","status":"publish","type":"page","link":"https:\/\/arge-rumaenien.ch\/?page_id=12","title":{"rendered":"Mehr \u00fcber uns"},"content":{"rendered":"\n<figure class=\"wp-block-image size-full\"><img loading=\"lazy\" decoding=\"async\" width=\"527\" height=\"449\" src=\"https:\/\/arge-rumaenien.ch\/wp-content\/uploads\/2022\/01\/01.jpg\" alt=\"\" class=\"wp-image-13\" srcset=\"https:\/\/arge-rumaenien.ch\/wp-content\/uploads\/2022\/01\/01.jpg 527w, https:\/\/arge-rumaenien.ch\/wp-content\/uploads\/2022\/01\/01-300x256.jpg 300w\" sizes=\"auto, (max-width: 527px) 100vw, 527px\" \/><figcaption class=\"wp-element-caption\"> <em>Briefmarke Deutschland, Michel Nr. 619<\/em> <\/figcaption><\/figure>\n\n\n\n<h2 class=\"wp-block-heading\" id=\"mehr-uber-uns\">Mehr \u00fcber uns<\/h2>\n\n\n\n<p>Die Arbeitsgemeinschaft besteht aktuell (1.1.2025) aus 27 aktiven Sammlern aus acht verschiedenen L\u00e4ndern.<\/p>\n\n\n\n<p>Am Samstag, dem 2. Mai 1970, anl\u00e4sslich der SABRIA 70, traf sich die ARGE zu ihrem ersten Arbeitstreffen \/ Symposium in Saarbr\u00fccken. Die ARGE hatte damals 25 Mitglieder, wovon knapp die H\u00e4lfte am ARGE-Treffen erschien. Seither wurde an unz\u00e4hligen Treffen (\u00abSymposien\u00bb) der Rum\u00e4nien-Philatelie gehuldigt; meist war die Tagung so gelegt, dass daneben der Besuch einer Briefmarken-Ausstellung m\u00f6glich war. Im Bereich 3 der Homepage (f\u00fcr Mitglieder) werden Details der Treffen aufgelistet (Projekt in Arbeit).<\/p>\n\n\n\n<p>Das Treffen zum 50-Jahr-Jubil\u00e4um der ARGE 2019 war ein besonderer Anlass: Wir trafen uns in Bukarest und waren eingeladen, das Symposium im Museum of Romanian Records durchzuf\u00fchren. Dort fand gleichzeitig die EFIRO 2019 statt.<\/p>\n\n\n\n<figure class=\"wp-block-image size-full is-resized\"><img loading=\"lazy\" decoding=\"async\" width=\"578\" height=\"578\" src=\"https:\/\/arge-rumaenien.ch\/wp-content\/uploads\/2022\/01\/02.jpg\" alt=\"\" class=\"wp-image-14\" style=\"width:526px;height:526px\" srcset=\"https:\/\/arge-rumaenien.ch\/wp-content\/uploads\/2022\/01\/02.jpg 578w, https:\/\/arge-rumaenien.ch\/wp-content\/uploads\/2022\/01\/02-300x300.jpg 300w, https:\/\/arge-rumaenien.ch\/wp-content\/uploads\/2022\/01\/02-150x150.jpg 150w\" sizes=\"auto, (max-width: 578px) 100vw, 578px\" \/><figcaption class=\"wp-element-caption\"><em>https:\/\/museumofromanianrecords.com<\/em><\/figcaption><\/figure>\n\n\n\n\n\n<p><\/p>\n\n\n\n<p><\/p>\n\n\n<div class=\"wp-block-image\">\n<figure class=\"aligncenter size-large is-resized\"><img loading=\"lazy\" decoding=\"async\" width=\"1024\" height=\"667\" src=\"https:\/\/arge-rumaenien.ch\/wp-content\/uploads\/2022\/01\/03-1024x667.png\" alt=\"\" class=\"wp-image-15\" style=\"width:769px;height:500px\" srcset=\"https:\/\/arge-rumaenien.ch\/wp-content\/uploads\/2022\/01\/03-1024x667.png 1024w, https:\/\/arge-rumaenien.ch\/wp-content\/uploads\/2022\/01\/03-300x195.png 300w, https:\/\/arge-rumaenien.ch\/wp-content\/uploads\/2022\/01\/03-768x500.png 768w, https:\/\/arge-rumaenien.ch\/wp-content\/uploads\/2022\/01\/03-1536x1000.png 1536w, https:\/\/arge-rumaenien.ch\/wp-content\/uploads\/2022\/01\/03-2048x1334.png 2048w, https:\/\/arge-rumaenien.ch\/wp-content\/uploads\/2022\/01\/03-1568x1021.png 1568w\" sizes=\"auto, (max-width: 1024px) 100vw, 1024px\" \/><figcaption class=\"wp-element-caption\"><em>Foto Thomas F\u00e4ger 19.9.2019<\/em><\/figcaption><\/figure>\n<\/div>\n\n\n<p>Auf diesem Bild sind die Personen 2,4,6,7 und 12 aktive Mitglieder der ARGE, die \u00fcbrigen Personen waren werte Begleiterinnen auf der Reise oder ehemalige Mitglieder (bis 2024)<br>(2 = Scherrer, 4 = Wagner, 6 = Gl\u00e4ttli, 7 = Gmach, 12 = Heimb\u00fcchler)<\/p>\n\n\n<div class=\"wp-block-image\">\n<figure class=\"aligncenter size-large is-resized\"><img loading=\"lazy\" decoding=\"async\" width=\"1024\" height=\"575\" src=\"https:\/\/arge-rumaenien.ch\/wp-content\/uploads\/2022\/01\/04-1024x575.png\" alt=\"\" class=\"wp-image-16\" style=\"width:576px;height:323px\" srcset=\"https:\/\/arge-rumaenien.ch\/wp-content\/uploads\/2022\/01\/04-1024x575.png 1024w, https:\/\/arge-rumaenien.ch\/wp-content\/uploads\/2022\/01\/04-300x169.png 300w, https:\/\/arge-rumaenien.ch\/wp-content\/uploads\/2022\/01\/04-768x431.png 768w, https:\/\/arge-rumaenien.ch\/wp-content\/uploads\/2022\/01\/04-1536x863.png 1536w, https:\/\/arge-rumaenien.ch\/wp-content\/uploads\/2022\/01\/04-2048x1150.png 2048w, https:\/\/arge-rumaenien.ch\/wp-content\/uploads\/2022\/01\/04-1568x881.png 1568w\" sizes=\"auto, (max-width: 1024px) 100vw, 1024px\" \/><figcaption class=\"wp-element-caption\"><em>Foto 26.9.2019, Museum<\/em><\/figcaption><\/figure>\n<\/div>\n\n\n<h2 class=\"wp-block-heading\">N\u00e4chstes Treffen 2025 in der Schweiz<\/h2>\n\n\n\n<p><\/p>\n\n\n\n<div class=\"wp-block-cover aligncenter is-light\" style=\"min-height:1286px;aspect-ratio:unset;\"><img loading=\"lazy\" decoding=\"async\" width=\"1828\" height=\"2553\" class=\"wp-block-cover__image-background wp-image-742\" alt=\"\" src=\"https:\/\/arge-rumaenien.ch\/wp-content\/uploads\/2025\/01\/Flyer-Bernaba-5.jpg\" data-object-fit=\"cover\" srcset=\"https:\/\/arge-rumaenien.ch\/wp-content\/uploads\/2025\/01\/Flyer-Bernaba-5.jpg 1828w, https:\/\/arge-rumaenien.ch\/wp-content\/uploads\/2025\/01\/Flyer-Bernaba-5-215x300.jpg 215w, https:\/\/arge-rumaenien.ch\/wp-content\/uploads\/2025\/01\/Flyer-Bernaba-5-733x1024.jpg 733w, https:\/\/arge-rumaenien.ch\/wp-content\/uploads\/2025\/01\/Flyer-Bernaba-5-768x1073.jpg 768w, https:\/\/arge-rumaenien.ch\/wp-content\/uploads\/2025\/01\/Flyer-Bernaba-5-1100x1536.jpg 1100w, https:\/\/arge-rumaenien.ch\/wp-content\/uploads\/2025\/01\/Flyer-Bernaba-5-1466x2048.jpg 1466w, https:\/\/arge-rumaenien.ch\/wp-content\/uploads\/2025\/01\/Flyer-Bernaba-5-1568x2190.jpg 1568w\" sizes=\"auto, (max-width: 1828px) 100vw, 1828px\" \/><span aria-hidden=\"true\" class=\"wp-block-cover__background has-background-dim\"><\/span><div class=\"wp-block-cover__inner-container is-layout-flow wp-block-cover-is-layout-flow\">\n<p class=\"has-text-align-center has-large-font-size\">EPSON MFP image<\/p>\n<\/div><\/div>\n\n\n\n<p class=\"has-text-align-center\">Wir treffen uns am Freitag 16. Mai 2025, 10.00 &#8211; 12.30 Uhr zu unserem 45. Symposium in Bern in der Schweiz<br>Raum &#8222;Forum&#8220;, Durchgangshalle 3.1<\/p>\n\n\n\n<figure class=\"wp-block-image size-full\"><img loading=\"lazy\" decoding=\"async\" width=\"609\" height=\"490\" src=\"https:\/\/arge-rumaenien.ch\/wp-content\/uploads\/2025\/04\/Programm-Bernaba-deutsch-1.jpg\" alt=\"\" class=\"wp-image-766\" srcset=\"https:\/\/arge-rumaenien.ch\/wp-content\/uploads\/2025\/04\/Programm-Bernaba-deutsch-1.jpg 609w, https:\/\/arge-rumaenien.ch\/wp-content\/uploads\/2025\/04\/Programm-Bernaba-deutsch-1-300x241.jpg 300w\" sizes=\"auto, (max-width: 609px) 100vw, 609px\" \/><figcaption class=\"wp-element-caption\">EPSON MFP image<\/figcaption><\/figure>\n\n\n\n<p>Auch im Mai 2025 ist die ARGE Rum\u00e4nien mitten im Zentrum einer internationalen Ausstellung (siehe Programm Freitag)<\/p>\n\n\n\n<figure class=\"wp-block-image size-large\"><img loading=\"lazy\" decoding=\"async\" width=\"1024\" height=\"808\" src=\"https:\/\/arge-rumaenien.ch\/wp-content\/uploads\/2025\/04\/Programm-Bernaba-Mi-Sa-1024x808.jpg\" alt=\"\" class=\"wp-image-768\" srcset=\"https:\/\/arge-rumaenien.ch\/wp-content\/uploads\/2025\/04\/Programm-Bernaba-Mi-Sa-1024x808.jpg 1024w, https:\/\/arge-rumaenien.ch\/wp-content\/uploads\/2025\/04\/Programm-Bernaba-Mi-Sa-300x237.jpg 300w, https:\/\/arge-rumaenien.ch\/wp-content\/uploads\/2025\/04\/Programm-Bernaba-Mi-Sa-768x606.jpg 768w, https:\/\/arge-rumaenien.ch\/wp-content\/uploads\/2025\/04\/Programm-Bernaba-Mi-Sa-1536x1213.jpg 1536w, https:\/\/arge-rumaenien.ch\/wp-content\/uploads\/2025\/04\/Programm-Bernaba-Mi-Sa-2048x1617.jpg 2048w, https:\/\/arge-rumaenien.ch\/wp-content\/uploads\/2025\/04\/Programm-Bernaba-Mi-Sa-1568x1238.jpg 1568w\" sizes=\"auto, (max-width: 1024px) 100vw, 1024px\" \/><figcaption class=\"wp-element-caption\">EPSON MFP image<\/figcaption><\/figure>\n\n\n\n<p><\/p>\n\n\n\n<h4 class=\"wp-block-heading\" id=\"nachste-treffen-veranstaltungen-unter-vorbehalt-von-anderungen\">Letzte Veranstaltung: Herbst 2024 &#8211; Jahreshauptversammlung in Ulm<\/h4>\n\n\n\n<figure class=\"wp-block-image size-large\"><img loading=\"lazy\" decoding=\"async\" width=\"1024\" height=\"696\" src=\"https:\/\/arge-rumaenien.ch\/wp-content\/uploads\/2024\/10\/20241024_Programm-in-Ulm-1024x696.jpg\" alt=\"\" class=\"wp-image-713\" srcset=\"https:\/\/arge-rumaenien.ch\/wp-content\/uploads\/2024\/10\/20241024_Programm-in-Ulm-1024x696.jpg 1024w, https:\/\/arge-rumaenien.ch\/wp-content\/uploads\/2024\/10\/20241024_Programm-in-Ulm-300x204.jpg 300w, https:\/\/arge-rumaenien.ch\/wp-content\/uploads\/2024\/10\/20241024_Programm-in-Ulm-768x522.jpg 768w, https:\/\/arge-rumaenien.ch\/wp-content\/uploads\/2024\/10\/20241024_Programm-in-Ulm.jpg 1159w\" sizes=\"auto, (max-width: 1024px) 100vw, 1024px\" \/><\/figure>\n\n\n\n<p>Zum zweiten Mal nach 2022 waren wir 2024 in Ulm. Dieses Mal am Freitag sogar prominent mitten in der Ausstellung (Raum 1). Dort hielten wir unsere Jahreshauptversammlung ab, genehmigten die Gesch\u00e4fte der letzten drei Jahre und w\u00e4hlten den neuen Vorstand 2024\/10 &#8211; 2027\/10.<\/p>\n\n\n\n<figure class=\"wp-block-image size-full is-resized\"><img loading=\"lazy\" decoding=\"async\" width=\"768\" height=\"1024\" src=\"https:\/\/arge-rumaenien.ch\/wp-content\/uploads\/2024\/07\/Ulmer-Schachtel-1.jpg\" alt=\"\" class=\"wp-image-666\" style=\"width:552px;height:736px\" srcset=\"https:\/\/arge-rumaenien.ch\/wp-content\/uploads\/2024\/07\/Ulmer-Schachtel-1.jpg 768w, https:\/\/arge-rumaenien.ch\/wp-content\/uploads\/2024\/07\/Ulmer-Schachtel-1-225x300.jpg 225w\" sizes=\"auto, (max-width: 768px) 100vw, 768px\" \/><figcaption class=\"wp-element-caption\">Ulm 2022 + 2024 war eine sch\u00f6ne Entdeckung.<\/figcaption><\/figure>\n\n\n\n<figure class=\"wp-block-image size-full\"><img loading=\"lazy\" decoding=\"async\" width=\"768\" height=\"1024\" src=\"https:\/\/arge-rumaenien.ch\/wp-content\/uploads\/2024\/07\/Ulm-Ausstellung.jpg\" alt=\"\" class=\"wp-image-668\" srcset=\"https:\/\/arge-rumaenien.ch\/wp-content\/uploads\/2024\/07\/Ulm-Ausstellung.jpg 768w, https:\/\/arge-rumaenien.ch\/wp-content\/uploads\/2024\/07\/Ulm-Ausstellung-225x300.jpg 225w\" sizes=\"auto, (max-width: 768px) 100vw, 768px\" \/><figcaption class=\"wp-element-caption\">An allen drei Symposien 2022, 2023 und 2024 besichtigten wir <br>sch\u00f6ne Rum\u00e4nien-Sammlungen<\/figcaption><\/figure>\n\n\n\n<figure class=\"wp-block-image size-large\"><img loading=\"lazy\" decoding=\"async\" width=\"1024\" height=\"768\" src=\"https:\/\/arge-rumaenien.ch\/wp-content\/uploads\/2024\/10\/IMG-20241025-Besichtigung-Ausstellung-3-Mitglieder-1024x768.jpg\" alt=\"\" class=\"wp-image-714\" srcset=\"https:\/\/arge-rumaenien.ch\/wp-content\/uploads\/2024\/10\/IMG-20241025-Besichtigung-Ausstellung-3-Mitglieder-1024x768.jpg 1024w, https:\/\/arge-rumaenien.ch\/wp-content\/uploads\/2024\/10\/IMG-20241025-Besichtigung-Ausstellung-3-Mitglieder-300x225.jpg 300w, https:\/\/arge-rumaenien.ch\/wp-content\/uploads\/2024\/10\/IMG-20241025-Besichtigung-Ausstellung-3-Mitglieder-768x576.jpg 768w, https:\/\/arge-rumaenien.ch\/wp-content\/uploads\/2024\/10\/IMG-20241025-Besichtigung-Ausstellung-3-Mitglieder-1536x1152.jpg 1536w, https:\/\/arge-rumaenien.ch\/wp-content\/uploads\/2024\/10\/IMG-20241025-Besichtigung-Ausstellung-3-Mitglieder-1568x1176.jpg 1568w, https:\/\/arge-rumaenien.ch\/wp-content\/uploads\/2024\/10\/IMG-20241025-Besichtigung-Ausstellung-3-Mitglieder.jpg 1600w\" sizes=\"auto, (max-width: 1024px) 100vw, 1024px\" \/><\/figure>\n\n\n\n<p><br><br>Version 25 \u2013 hgl 2025-04-26<\/p>\n\n\n\n<p><\/p>\n","protected":false},"excerpt":{"rendered":"<p>Mehr \u00fcber uns Die Arbeitsgemeinschaft besteht aktuell (1.1.2025) aus 27 aktiven Sammlern aus acht verschiedenen L\u00e4ndern. Am Samstag, dem 2. Mai 1970, anl\u00e4sslich der SABRIA 70, traf sich die ARGE zu ihrem ersten Arbeitstreffen \/ Symposium in Saarbr\u00fccken. Die ARGE hatte damals 25 Mitglieder, wovon knapp die H\u00e4lfte am ARGE-Treffen erschien. Seither wurde an unz\u00e4hligen&hellip; <a class=\"more-link\" href=\"https:\/\/arge-rumaenien.ch\/?page_id=12\"><span class=\"screen-reader-text\">Mehr \u00fcber uns<\/span> weiterlesen<\/a><\/p>\n","protected":false},"author":1,"featured_media":0,"parent":0,"menu_order":0,"comment_status":"closed","ping_status":"closed","template":"","meta":{"footnotes":""},"class_list":["post-12","page","type-page","status-publish","hentry","entry"],"_links":{"self":[{"href":"https:\/\/arge-rumaenien.ch\/index.php?rest_route=\/wp\/v2\/pages\/12","targetHints":{"allow":["GET"]}}],"collection":[{"href":"https:\/\/arge-rumaenien.ch\/index.php?rest_route=\/wp\/v2\/pages"}],"about":[{"href":"https:\/\/arge-rumaenien.ch\/index.php?rest_route=\/wp\/v2\/types\/page"}],"author":[{"embeddable":true,"href":"https:\/\/arge-rumaenien.ch\/index.php?rest_route=\/wp\/v2\/users\/1"}],"replies":[{"embeddable":true,"href":"https:\/\/arge-rumaenien.ch\/index.php?rest_route=%2Fwp%2Fv2%2Fcomments&post=12"}],"version-history":[{"count":61,"href":"https:\/\/arge-rumaenien.ch\/index.php?rest_route=\/wp\/v2\/pages\/12\/revisions"}],"predecessor-version":[{"id":775,"href":"https:\/\/arge-rumaenien.ch\/index.php?rest_route=\/wp\/v2\/pages\/12\/revisions\/775"}],"wp:attachment":[{"href":"https:\/\/arge-rumaenien.ch\/index.php?rest_route=%2Fwp%2Fv2%2Fmedia&parent=12"}],"curies":[{"name":"wp","href":"https:\/\/api.w.org\/{rel}","templated":true}]}}