{"id":101,"date":"2022-01-15T17:15:21","date_gmt":"2022-01-15T17:15:21","guid":{"rendered":"https:\/\/arge-rumaenien.ch\/?page_id=101"},"modified":"2022-01-15T17:18:34","modified_gmt":"2022-01-15T17:18:34","slug":"links","status":"publish","type":"page","link":"https:\/\/arge-rumaenien.ch\/?page_id=101","title":{"rendered":"Links"},"content":{"rendered":"\n<h4 class=\"wp-block-heading\"><span style=\"color:#e70c26\" class=\"has-inline-color\">Hinweis: Die ARGE Rum\u00e4nien kann keine Verantwortung \u00fcbernehmen f\u00fcr Inhalte auf unten verlinkte Homepages anderer philatelistischer Institutionen<\/span><\/h4>\n\n\n\n<h2 class=\"wp-block-heading\">Vereine und Verb\u00e4nde<\/h2>\n\n\n\n<p><a href=\"https:\/\/stamps.org\/\" target=\"_blank\" rel=\"noreferrer noopener\">American Philatelic Society (APS)<\/a><\/p>\n\n\n\n<p><a href=\"https:\/\/www.bdph.de\/\">Bund Deutscher Philatelisten e.V. (BDPh)<\/a><\/p>\n\n\n\n<p><a href=\"https:\/\/fepanews.com\/\">Federation of European Philatelistic Associations (FEPA)<\/a><\/p>\n\n\n\n<p><a href=\"https:\/\/www.pwmo.org\/\" target=\"_blank\" rel=\"noreferrer noopener\">Philatelic Webmasters Organization<\/a><\/p>\n\n\n\n<p><a href=\"http:\/\/www.aephil.com\/\">Acad\u00e9mie Europ\u00e9enne de Philat\u00e9lie (aephil.com)<\/a><\/p>\n\n\n\n<p><a href=\"https:\/\/www.rpsl.org.uk\/\" target=\"_blank\" rel=\"noreferrer noopener\">Royal Philatelic Society London (RPSL)<\/a><\/p>\n\n\n\n<p><a href=\"https:\/\/www.vsphv.ch\/homepage\/\">Verband schweizerischer Philatelistenvereine (VSPHV)<\/a><br><a href=\"http:\/\/www.f-i-p.ch\">www.f-i-p.ch<\/a><\/p>\n\n\n\n<h2 class=\"wp-block-heading\">Museen und Bibliotheken<\/h2>\n\n\n\n<p><a href=\"https:\/\/www.philatelistische-bibliothek.de\/\">Philatelistische Bibliothek Hamburg e.V. (philatelistische-bibliothek.de)<\/a><br><a href=\"https:\/\/www.muenchner-stadtbibliothek.de\/philatelistische-bibliothek\">M\u00fcnchner Stadtbibliothek &#8211; Philatelistische Bibliothek (muenchner-stadtbibliothek.de)<\/a><br><a href=\"http:\/\/www.globalphilateliclibrary.org\/\">GPL Home De (globalphilateliclibrary.org)<\/a><br><a href=\"https:\/\/librariesarchives.si.edu\/\">Smithsonian Bibliotheken und Archive (si.edu)<\/a><br><a href=\"https:\/\/stamps.org\/services\/library\">Bibliothek (stamps.org)<\/a><br><a href=\"https:\/\/museumofromanianrecords.com\/\">Museum of Romanian Records &#8211; Museum of Records<\/a><\/p>\n\n\n\n<h2 class=\"wp-block-heading\">Philatelistische Webseiten<\/h2>\n\n\n\n<p><a href=\"http:\/\/bigblue1840-1940.blogspot.com\/2021\/\" target=\"_blank\" rel=\"noreferrer noopener\">Big Blue 1840-1940<\/a><\/p>\n\n\n\n<p><a href=\"http:\/\/www.exponet.info\/index.php?lng=EN\" target=\"_blank\" rel=\"noreferrer noopener\">Exponet<\/a><\/p>\n\n\n\n<p><a href=\"https:\/\/www.museumofphilately.com\/\" target=\"_blank\" rel=\"noreferrer noopener\">Museum of Philately<\/a><\/p>\n\n\n\n<p><a href=\"https:\/\/www.philabooks.com\/pages\/home.asp\" target=\"_blank\" rel=\"noreferrer noopener\">Philabooks<\/a><\/p>\n\n\n\n<p><a href=\"https:\/\/www.phil-shop.de\/index.php?cPath=42\" target=\"_blank\" rel=\"noreferrer noopener\">Phila Historica<\/a><\/p>\n\n\n\n<p><a href=\"https:\/\/www.phil-shop.de\/Philatelistische-Literatur:::1.html?XTCsid=166c8fae28a871c440a8456f21ecfcd3\" target=\"_blank\" rel=\"noreferrer noopener\">Phil*Creativ<\/a><\/p>\n\n\n\n<p><a href=\"https:\/\/www.dasv-postgeschichte.de\/pv\/pv_main.asp\" target=\"_blank\" rel=\"noreferrer noopener\">Projekt Postvertr\u00e4ge<\/a><\/p>\n\n\n\n<p><a href=\"https:\/\/postalmuseum.si.edu\/\" target=\"_blank\" rel=\"noreferrer noopener\">Smithsonian National Postal Museum<\/a><\/p>\n\n\n\n<h2 class=\"wp-block-heading\">Foren<\/h2>\n\n\n\n<p><a href=\"https:\/\/www.philaseiten.de\/cgi-bin\/index.pl\" target=\"_blank\" rel=\"noreferrer noopener\">Philaseiten<\/a><\/p>\n\n\n\n<p>Version 1 \u2013 hgl 2022-01-09<\/p>\n\n\n\n<p><\/p>\n","protected":false},"excerpt":{"rendered":"<p>Hinweis: Die ARGE Rum\u00e4nien kann keine Verantwortung \u00fcbernehmen f\u00fcr Inhalte auf unten verlinkte Homepages anderer philatelistischer Institutionen Vereine und Verb\u00e4nde American Philatelic Society (APS) Bund Deutscher Philatelisten e.V. (BDPh) Federation of European Philatelistic Associations (FEPA) Philatelic Webmasters Organization Acad\u00e9mie Europ\u00e9enne de Philat\u00e9lie (aephil.com) Royal Philatelic Society London (RPSL) Verband schweizerischer Philatelistenvereine (VSPHV)www.f-i-p.ch Museen und Bibliotheken&hellip; <a class=\"more-link\" href=\"https:\/\/arge-rumaenien.ch\/?page_id=101\"><span class=\"screen-reader-text\">Links<\/span> weiterlesen<\/a><\/p>\n","protected":false},"author":1,"featured_media":0,"parent":0,"menu_order":0,"comment_status":"closed","ping_status":"closed","template":"","meta":{"footnotes":""},"class_list":["post-101","page","type-page","status-publish","hentry","entry"],"_links":{"self":[{"href":"https:\/\/arge-rumaenien.ch\/index.php?rest_route=\/wp\/v2\/pages\/101","targetHints":{"allow":["GET"]}}],"collection":[{"href":"https:\/\/arge-rumaenien.ch\/index.php?rest_route=\/wp\/v2\/pages"}],"about":[{"href":"https:\/\/arge-rumaenien.ch\/index.php?rest_route=\/wp\/v2\/types\/page"}],"author":[{"embeddable":true,"href":"https:\/\/arge-rumaenien.ch\/index.php?rest_route=\/wp\/v2\/users\/1"}],"replies":[{"embeddable":true,"href":"https:\/\/arge-rumaenien.ch\/index.php?rest_route=%2Fwp%2Fv2%2Fcomments&post=101"}],"version-history":[{"count":2,"href":"https:\/\/arge-rumaenien.ch\/index.php?rest_route=\/wp\/v2\/pages\/101\/revisions"}],"predecessor-version":[{"id":349,"href":"https:\/\/arge-rumaenien.ch\/index.php?rest_route=\/wp\/v2\/pages\/101\/revisions\/349"}],"wp:attachment":[{"href":"https:\/\/arge-rumaenien.ch\/index.php?rest_route=%2Fwp%2Fv2%2Fmedia&parent=101"}],"curies":[{"name":"wp","href":"https:\/\/api.w.org\/{rel}","templated":true}]}}